{"id":1233,"date":"2023-03-07T09:56:22","date_gmt":"2023-03-07T07:56:22","guid":{"rendered":"https:\/\/nordic2care.dk\/velkommen-til-nordic2care-kopi\/"},"modified":"2026-04-29T13:17:53","modified_gmt":"2026-04-29T11:17:53","slug":"www-nordic2care-dk","status":"publish","type":"page","link":"https:\/\/nordic2care.dk\/no\/","title":{"rendered":"Velkommen til Nordic2Care"},"content":{"rendered":"\r\n\r\n\t\t\t<img decoding=\"async\" loading='false' src=\"https:\/\/nordic2care.dk\/wp-content\/uploads\/2026\/04\/DSC09945__web.jpg\" alt=\"\" \/>\t\t\t\r\n\t<h2>Velkommen til Nordic2Care<\/h2>\r\n<p>Velkommen til vores univers &#8211; Glad Sundhed.<\/p>\r\n<p>&nbsp;<\/p>\r\n<p>Vores m\u00e5l er at give mennesker et bedre indeklima og blive fri for gener fra allergier, bakterier, virus og d\u00e5rlig lugt. Vi skaber det perfekte indeklima med vores unikke mobile luftrensere og befugtere.<\/p>\r\n<p>&nbsp;<\/p>\r\n<p>Ved at forhindre sygedage p\u00e5 arbejdet, i skolen, institutioner og alle andre steder, s\u00e5 g\u00f8r vi hverdagen for alle sundere og bedre.\u00a0<\/p>\r\n\t<h2>Fordele ved vores produkter:<\/h2>\r\n\t<p><strong>Reducerer pollen<\/strong><\/p>\r\n<p><strong>Reducerer vira og bakterier<\/strong><\/p>\r\n<p><strong>Reducerer luftgener og tobaksr\u00f8g<\/strong><\/p>\r\n<p><strong>Reducerer t\u00f8r og tung luft<\/strong><\/p>\r\n<p><strong>Reducerer st\u00f8v og partikler<\/strong><\/p>\r\n\t<iframe loading=\"lazy\" title=\"Nordic2Care - ren luft til hele kontoret!\" width=\"500\" height=\"281\" src=\"https:\/\/www.youtube.com\/embed\/jKPXYYariNE?feature=oembed\" frameborder=\"0\" allow=\"accelerometer; autoplay; clipboard-write; encrypted-media; gyroscope; picture-in-picture; web-share\" referrerpolicy=\"strict-origin-when-cross-origin\" allowfullscreen><\/iframe>\r\n\t\t\t\t<a href=\"https:\/\/nordic2care.dk\/aeroguard-s-og-sense\/\" target=\"_self\" itemprop=\"url\">\r\n\t\t\t\t<img loading=\"lazy\" decoding=\"async\" src=\"https:\/\/nordic2care.dk\/wp-content\/uploads\/2021\/08\/Produktbilledesamlet_Ny.png\" alt=\"Forskellige luftrensere fra Nordic2Care\" itemprop=\"image\" height=\"300\" width=\"416\" title=\"Produktbilledesamlet_Ny\" onerror=\"this.style.display='none'\"  \/>\r\n\t\t\t\t<\/a>\r\n<h2>\r\n\t\tReducer smitterisikoen &#8211; reducer sygefrav\u00e6ret med mobile luftrensere fra Nordic2Care\r\n\t<\/h2>\r\n<h2>\r\n\t\tForbedre din hverdag p\u00e5 arbejdet, skolen eller bare derhjemme med en luftrenser fra Nordic2Care\r\n\t<\/h2>\r\n<h2>\r\n\t\tFjerner over 99,9% af partikler\r\n\t<\/h2>\r\n\t<h2><strong>Oplev nogle af vores mest popul\u00e6re produkter<\/strong><\/h2>\r\n\t<a href=\"https:\/\/nordic2care.dk\/aeroguard-s-sense-luftrenser\/\" target=\"_self\"  aria-label=\"Go to https:\/\/nordic2care.dk\/aeroguard-s-sense-luftrenser\/\"><\/a>\r\n\t\t\t\t<img decoding=\"async\" src=\"https:\/\/nordic2care.dk\/wp-content\/uploads\/2021\/08\/Lux-Aeroguard-Sense_200x375.png\" alt=\"Kontakte, Nordic2Care, Luftrenser, Luftrensere, Om os, Sikker Kurs, Tak, Reducerer\" title=\"Aeroguard S &amp; Sense luftrenser\" itemprop=\"image\"\/>\r\n\t\t<h3>AeroGuard S<\/h3>\t\t\t\r\n\t\t\t\t<p>H\u00f8j effektiv luftrenser til st\u00f8rre rum. Klarer helt op til 80 kvm. Med en luftrenser fra Nordic2Care, s\u00e5 f\u00e5r du renset din luft mod bakterier, vira og andre usunde partikler i luften. <a href=\"https:\/\/nordic2care.dk\/aeroguard-s-sense-luftrenser\/\"><strong>L\u00e6s mere<\/strong><\/a><\/p>\r\n\t<a href=\"https:\/\/nordic2care.dk\/aeroguard-mini-luftrenser\/\" target=\"_self\"  aria-label=\"Go to https:\/\/nordic2care.dk\/aeroguard-mini-luftrenser\/\"><\/a>\r\n\t\t\t\t<img decoding=\"async\" src=\"https:\/\/nordic2care.dk\/wp-content\/uploads\/2021\/07\/Aeroguard_Mini_group-324x324-2.png\" alt=\"Nordic2Care Luftrenser, AeroGuard Mini, Kontakte, Nordic2Care, Luftrenser, Luftrensere, Om os, Sikker Kurs, Tak, Reducerer\" title=\"Aeroguard_Mini_group-324x324\" itemprop=\"image\"\/>\r\n\t\t<h3>Aerogard Mini<\/h3>\t\t\t\r\n\t\t\t\t<p>Lydl\u00f8s luftrenser til mindre rum op til 20 kvm. Denne luftrenser fra Nordic2Care hj\u00e6lper dig i de sm\u00e5 lokaler til at rense luften mod bakterier, vira og andre partikler i luften. <strong><a href=\"https:\/\/n2c-privat.dk\/product\/aeroguard-mini-luftrenser\/\">L\u00e6s mere<\/a><\/strong><\/p>\r\n\t\t\t\t<img decoding=\"async\" src=\"https:\/\/nordic2care.dk\/wp-content\/plugins\/bb-plugin\/img\/pixel.png\" alt=\"\" itemprop=\"image\" onerror=\"this.style.display='none'\"  \/>\r\n\t<a href=\"https:\/\/nordic2care.dk\/nordic2care-luftfugter-copy\/\" target=\"_self\"  aria-label=\"Go to https:\/\/nordic2care.dk\/nordic2care-luftfugter-copy\/\"><\/a>\r\n\t\t\t\t<img decoding=\"async\" src=\"https:\/\/nordic2care.dk\/wp-content\/uploads\/2021\/07\/luftfugter.jpg\" alt=\"En Luftfugter fra Nordic2Care kan forhindre smitte. Sygefrav\u00e6r. Omsorg, hotel, Kontakte, Nordic2Care, Luftrenser, Luftrensere, Om os, Sikker Kurs, Tak, Reducerer\" title=\"luftfugter\" itemprop=\"image\"\/>\r\n\t\t<h3>Luftfugter<\/h3>\t\t\t\r\n\t\t\t\t<p>Luftfugteren reducerer influenza med op til 80%. Luftfugteren klarer lokaler helt op til 30 kvm. Den rette luftfugtighed forhindrer ogs\u00e5 v\u00e6ksten af bakterier og skimmelsvamp og g\u00f8r vejrtr\u00e6kningen mere behagelig. <a href=\"http:\/\/nordic2care.dk\/mini-copy\/\"><strong>L\u00e6s mere<\/strong><\/a><\/p>\r\n\t<h2>Nordic2Care &amp; B\u00e6redygtighed<\/h2>\r\n<p>FN&#8217;s Verdensm\u00e5l er 17 m\u00e5l og 169 delm\u00e5l. Vores prim\u00e6re m\u00e5l ser du nedenfor. M\u00e5l 3 er vores kernem\u00e5l og 3.9.1 er vores ultimative fokus. Delm\u00e5let handler om d\u00f8delighed som f\u00f8lge af indend\u00f8rs og udend\u00f8rs luftforurening.<\/p>\r\n\t\t\t\t<a href=\"https:\/\/nordic2care.dk\/nordic2care-baeredygtighed-csr\/\" target=\"_self\" itemprop=\"url\">\r\n\t\t\t\t<img loading=\"lazy\" decoding=\"async\" src=\"https:\/\/nordic2care.dk\/wp-content\/uploads\/2023\/03\/sundhed-og-trivsel.png\" alt=\"Nordic2Care Luftrensere g\u00e5r ind for CSR og B\u00e6redygtighed\" itemprop=\"image\" height=\"180\" width=\"180\" title=\"sundhed og trivsel\" onerror=\"this.style.display='none'\"  \/>\r\n\t\t\t\t<\/a>\r\n\t\t\t\t<a href=\"https:\/\/nordic2care.dk\/nordic2care-baeredygtighed-csr\/\" target=\"_self\" itemprop=\"url\">\r\n\t\t\t\t<img loading=\"lazy\" decoding=\"async\" src=\"https:\/\/nordic2care.dk\/wp-content\/uploads\/2023\/03\/Anstaendige-Jobs.png\" alt=\"Nordic2Care Luftrensere g\u00e5r ind for CSR og b\u00e6redygtighed\" itemprop=\"image\" height=\"180\" width=\"180\" title=\"Anst\u00e6ndige Jobs\" onerror=\"this.style.display='none'\"  \/>\r\n\t\t\t\t<\/a>\r\n\t\t\t\t<a href=\"https:\/\/nordic2care.dk\/nordic2care-baeredygtighed-csr\/\" target=\"_self\" itemprop=\"url\">\r\n\t\t\t\t<img loading=\"lazy\" decoding=\"async\" src=\"https:\/\/nordic2care.dk\/wp-content\/uploads\/2023\/03\/Ansvarligt-forbrug.png\" alt=\"Nordic2Care Luftrensere g\u00e5r ind for CSR og B\u00e6redygtighed\" itemprop=\"image\" height=\"180\" width=\"180\" title=\"Ansvarligt forbrug\" onerror=\"this.style.display='none'\"  \/>\r\n\t\t\t\t<\/a>\r\n\t\t\t\t<a href=\"https:\/\/nordic2care.dk\/nordic2care-baeredygtighed-csr\/\" target=\"_self\" itemprop=\"url\">\r\n\t\t\t\t<img loading=\"lazy\" decoding=\"async\" src=\"https:\/\/nordic2care.dk\/wp-content\/uploads\/2023\/03\/Partnerskaber.png\" alt=\"Nordic2Care Luftrensere g\u00e5r ind for CSR og B\u00e6redygtighed\" itemprop=\"image\" height=\"180\" width=\"180\" title=\"Partnerskaber\" onerror=\"this.style.display='none'\"  \/>\r\n\t\t\t\t<\/a>\r\n\r\n","protected":false},"excerpt":{"rendered":"<p>Velkommen til Nordic2Care Velkommen til vores univers &#8211; Glad Sundhed. &nbsp; Vores m\u00e5l er at give mennesker et bedre indeklima og blive fri for gener fra allergier, bakterier, virus og d\u00e5rlig lugt. Vi skaber det perfekte indeklima med vores unikke mobile luftrensere og befugtere. &nbsp; Ved at forhindre sygedage p\u00e5 arbejdet, i skolen, institutioner og&hellip;<\/p>\n","protected":false},"author":6,"featured_media":1128,"parent":0,"menu_order":0,"comment_status":"closed","ping_status":"closed","template":"","meta":{"footnotes":""},"class_list":["post-1233","page","type-page","status-publish","has-post-thumbnail","hentry"],"yoast_head":"<!-- This site is optimized with the Yoast SEO plugin v21.4 - https:\/\/yoast.com\/wordpress\/plugins\/seo\/ -->\n<title>Nordic2Care Luftrensere der giver dig den perfekte indeklima<\/title>\n<meta name=\"description\" content=\"Nordic2Care luftrensere giver mennesker et bedre indeklima og er allergivenlig. De er effektive mod bakterier, virus og d\u00e5rlig lugt.\" \/>\n<meta name=\"robots\" content=\"index, follow, max-snippet:-1, max-image-preview:large, max-video-preview:-1\" \/>\n<link rel=\"canonical\" href=\"https:\/\/nordic2care.dk\/no\/\" \/>\n<meta property=\"og:locale\" content=\"nb_NO\" \/>\n<meta property=\"og:type\" content=\"article\" \/>\n<meta property=\"og:title\" content=\"Nordic2Care Luftrensere der giver dig den perfekte indeklima\" \/>\n<meta property=\"og:description\" content=\"Nordic2Care luftrensere giver mennesker et bedre indeklima og er allergivenlig. De er effektive mod bakterier, virus og d\u00e5rlig lugt.\" \/>\n<meta property=\"og:url\" content=\"https:\/\/nordic2care.dk\/no\/\" \/>\n<meta property=\"og:site_name\" content=\"Wordpress\" \/>\n<meta property=\"article:modified_time\" content=\"2026-04-29T11:17:53+00:00\" \/>\n<meta property=\"og:image\" content=\"https:\/\/nordic2care.dk\/wp-content\/uploads\/2021\/08\/COLOURBOX_aeldre_forside.jpg\" \/>\n\t<meta property=\"og:image:width\" content=\"1200\" \/>\n\t<meta property=\"og:image:height\" content=\"800\" \/>\n\t<meta property=\"og:image:type\" content=\"image\/jpeg\" \/>\n<meta name=\"twitter:card\" content=\"summary_large_image\" \/>\n<meta name=\"twitter:label1\" content=\"Ansl. lesetid\" \/>\n\t<meta name=\"twitter:data1\" content=\"4 minutter\" \/>\n<script type=\"application\/ld+json\" class=\"yoast-schema-graph\">{\"@context\":\"https:\/\/schema.org\",\"@graph\":[{\"@type\":\"WebPage\",\"@id\":\"https:\/\/nordic2care.dk\/no\/\",\"url\":\"https:\/\/nordic2care.dk\/no\/\",\"name\":\"Nordic2Care Luftrensere der giver dig den perfekte indeklima\",\"isPartOf\":{\"@id\":\"https:\/\/nordic2care.dk\/no\/#website\"},\"datePublished\":\"2023-03-07T07:56:22+00:00\",\"dateModified\":\"2026-04-29T11:17:53+00:00\",\"description\":\"Nordic2Care luftrensere giver mennesker et bedre indeklima og er allergivenlig. De er effektive mod bakterier, virus og d\u00e5rlig lugt.\",\"breadcrumb\":{\"@id\":\"https:\/\/nordic2care.dk\/no\/#breadcrumb\"},\"inLanguage\":\"nb-NO\",\"potentialAction\":[{\"@type\":\"ReadAction\",\"target\":[\"https:\/\/nordic2care.dk\/no\/\"]}]},{\"@type\":\"BreadcrumbList\",\"@id\":\"https:\/\/nordic2care.dk\/no\/#breadcrumb\",\"itemListElement\":[{\"@type\":\"ListItem\",\"position\":1,\"name\":\"Hjem\",\"item\":\"https:\/\/nordic2care.dk\/no\/www-nordic2care-dk\/\"},{\"@type\":\"ListItem\",\"position\":2,\"name\":\"Velkommen til Nordic2Care\"}]},{\"@type\":\"WebSite\",\"@id\":\"https:\/\/nordic2care.dk\/no\/#website\",\"url\":\"https:\/\/nordic2care.dk\/no\/\",\"name\":\"Wordpress\",\"description\":\"Nordic2Care\",\"potentialAction\":[{\"@type\":\"SearchAction\",\"target\":{\"@type\":\"EntryPoint\",\"urlTemplate\":\"https:\/\/nordic2care.dk\/no\/?s={search_term_string}\"},\"query-input\":\"required name=search_term_string\"}],\"inLanguage\":\"nb-NO\"}]}<\/script>\n<!-- \/ Yoast SEO plugin. -->","yoast_head_json":{"title":"Nordic2Care Luftrensere der giver dig den perfekte indeklima","description":"Nordic2Care luftrensere giver mennesker et bedre indeklima og er allergivenlig. De er effektive mod bakterier, virus og d\u00e5rlig lugt.","robots":{"index":"index","follow":"follow","max-snippet":"max-snippet:-1","max-image-preview":"max-image-preview:large","max-video-preview":"max-video-preview:-1"},"canonical":"https:\/\/nordic2care.dk\/no\/","og_locale":"nb_NO","og_type":"article","og_title":"Nordic2Care Luftrensere der giver dig den perfekte indeklima","og_description":"Nordic2Care luftrensere giver mennesker et bedre indeklima og er allergivenlig. De er effektive mod bakterier, virus og d\u00e5rlig lugt.","og_url":"https:\/\/nordic2care.dk\/no\/","og_site_name":"Wordpress","article_modified_time":"2026-04-29T11:17:53+00:00","og_image":[{"width":1200,"height":800,"url":"https:\/\/nordic2care.dk\/wp-content\/uploads\/2021\/08\/COLOURBOX_aeldre_forside.jpg","type":"image\/jpeg"}],"twitter_card":"summary_large_image","twitter_misc":{"Ansl. lesetid":"4 minutter"},"schema":{"@context":"https:\/\/schema.org","@graph":[{"@type":"WebPage","@id":"https:\/\/nordic2care.dk\/no\/","url":"https:\/\/nordic2care.dk\/no\/","name":"Nordic2Care Luftrensere der giver dig den perfekte indeklima","isPartOf":{"@id":"https:\/\/nordic2care.dk\/no\/#website"},"datePublished":"2023-03-07T07:56:22+00:00","dateModified":"2026-04-29T11:17:53+00:00","description":"Nordic2Care luftrensere giver mennesker et bedre indeklima og er allergivenlig. De er effektive mod bakterier, virus og d\u00e5rlig lugt.","breadcrumb":{"@id":"https:\/\/nordic2care.dk\/no\/#breadcrumb"},"inLanguage":"nb-NO","potentialAction":[{"@type":"ReadAction","target":["https:\/\/nordic2care.dk\/no\/"]}]},{"@type":"BreadcrumbList","@id":"https:\/\/nordic2care.dk\/no\/#breadcrumb","itemListElement":[{"@type":"ListItem","position":1,"name":"Hjem","item":"https:\/\/nordic2care.dk\/no\/www-nordic2care-dk\/"},{"@type":"ListItem","position":2,"name":"Velkommen til Nordic2Care"}]},{"@type":"WebSite","@id":"https:\/\/nordic2care.dk\/no\/#website","url":"https:\/\/nordic2care.dk\/no\/","name":"Wordpress","description":"Nordic2Care","potentialAction":[{"@type":"SearchAction","target":{"@type":"EntryPoint","urlTemplate":"https:\/\/nordic2care.dk\/no\/?s={search_term_string}"},"query-input":"required name=search_term_string"}],"inLanguage":"nb-NO"}]}},"_links":{"self":[{"href":"https:\/\/nordic2care.dk\/no\/wp-json\/wp\/v2\/pages\/1233","targetHints":{"allow":["GET"]}}],"collection":[{"href":"https:\/\/nordic2care.dk\/no\/wp-json\/wp\/v2\/pages"}],"about":[{"href":"https:\/\/nordic2care.dk\/no\/wp-json\/wp\/v2\/types\/page"}],"author":[{"embeddable":true,"href":"https:\/\/nordic2care.dk\/no\/wp-json\/wp\/v2\/users\/6"}],"replies":[{"embeddable":true,"href":"https:\/\/nordic2care.dk\/no\/wp-json\/wp\/v2\/comments?post=1233"}],"version-history":[{"count":67,"href":"https:\/\/nordic2care.dk\/no\/wp-json\/wp\/v2\/pages\/1233\/revisions"}],"predecessor-version":[{"id":11634,"href":"https:\/\/nordic2care.dk\/no\/wp-json\/wp\/v2\/pages\/1233\/revisions\/11634"}],"wp:featuredmedia":[{"embeddable":true,"href":"https:\/\/nordic2care.dk\/no\/wp-json\/wp\/v2\/media\/1128"}],"wp:attachment":[{"href":"https:\/\/nordic2care.dk\/no\/wp-json\/wp\/v2\/media?parent=1233"}],"curies":[{"name":"wp","href":"https:\/\/api.w.org\/{rel}","templated":true}]}}